{"id":1090,"date":"2025-12-28T14:10:20","date_gmt":"2025-12-28T14:10:20","guid":{"rendered":"https:\/\/muntechpanels.com\/home\/"},"modified":"2026-01-21T22:44:02","modified_gmt":"2026-01-21T22:44:02","slug":"home","status":"publish","type":"page","link":"https:\/\/muntechpanels.com\/fr\/","title":{"rendered":"Homepage"},"content":{"rendered":"<div class=\"wp-block-uagb-container uagb-block-bf23e0fd alignfull uagb-is-root-container\">\n<header class=\"wp-block-uagb-advanced-heading uagb-block-60b97040 uag-blocks-common-selector\" style=\"--z-index-desktop:537;;--z-index-tablet:undefined;;--z-index-mobile:undefined;\"><h2 class=\"uagb-heading-text\">muntech panels<\/h2><div class=\"uagb-separator\"><\/div><p class=\"uagb-desc-text\">Faites-vous remarquer, avec un soutien fiable de A \u00e0 Z.<\/p><\/header>\n<\/div>\n\n\n\n<div class=\"wp-block-uagb-container uagb-block-a1d5bfb1 alignfull uagb-is-root-container\"><div class=\"uagb-container-inner-blocks-wrap\">\n<div class=\"wp-block-uagb-container uagb-block-1399ff1a\">\n<div class=\"wp-block-uagb-advanced-heading uagb-block-eb089982\"><div class=\"uagb-separator\"><\/div><h2 class=\"uagb-heading-text\">Ayez plus d'envergure et  de vigueur avec nous.<\/h2><\/div>\n\n\n\n<div class=\"wp-block-uagb-advanced-heading uagb-block-e5017e51\"><p class=\"uagb-heading-text\"><strong>Quel que soit votre projet, nous avons la solution LED adapt\u00e9e. De l'installation par des experts \u00e0 l'assistance d\u00e9di\u00e9e, nous prenons en charge tous les aspects techniques pour que vous n'ayez \u00e0 vous soucier de rien.<\/strong><\/p><\/div>\n\n\n\n<div class=\"wp-block-uagb-advanced-heading uagb-block-2516ac60\"><p class=\"uagb-heading-text\">Des vitrines commerciales qui captent l'attention aux bureaux d'entreprise qui exigent une communication fluide, nous vous aidons \u00e0 rayonner. Nous permettons au secteur du divertissement de proposer des exp\u00e9riences exceptionnelles et nous accompagnons des niches sp\u00e9cialis\u00e9es comme les habillages de b\u00e2timents et les sc\u00e8nes XR. Quel que soit votre secteur d'activit\u00e9, nous vous fournissons la technologie n\u00e9cessaire pour marquer les esprits.<\/p><\/div>\n\n\n\n<div class=\"wp-block-uagb-buttons uagb-buttons__outer-wrap uagb-btn__default-btn uagb-btn-tablet__default-btn uagb-btn-mobile__default-btn uagb-block-a799cc71\"><div class=\"uagb-buttons__wrap uagb-buttons-layout-wrap\">\n<div class=\"wp-block-uagb-buttons-child uagb-buttons__outer-wrap uagb-block-ce080147 wp-block-button\"><div class=\"uagb-button__wrapper\"><a class=\"uagb-buttons-repeater wp-block-button__link\" aria-label=\"\" href=\"\/fr\/[site_title]\/services\/\" rel=\"follow noopener\" target=\"_self\" role=\"button\"><div class=\"uagb-button__link\">Voir cas d'utilisation<\/div><\/a><\/div><\/div>\n<\/div><\/div>\n\n\n\n<div class=\"wp-block-uagb-container uagb-block-a2589267\">\n<div class=\"wp-block-uagb-image uagb-block-b9d21049 wp-block-uagb-image--layout-default wp-block-uagb-image--effect-static wp-block-uagb-image--align-none\"><figure class=\"wp-block-uagb-image__figure\"><img decoding=\"async\" srcset=\"https:\/\/muntechpanels.com\/wp-content\/uploads\/2025\/12\/10.jpg ,https:\/\/muntechpanels.com\/wp-content\/uploads\/2025\/12\/10.jpg 780w, https:\/\/muntechpanels.com\/wp-content\/uploads\/2025\/12\/10.jpg 360w\" sizes=\"auto, (max-width: 480px) 150px\" src=\"https:\/\/muntechpanels.com\/wp-content\/uploads\/2025\/12\/10.jpg\" alt=\"muntech panel show display\" class=\"uag-image-3631\" width=\"560\" height=\"400\" title=\"muntech panel show display\" loading=\"lazy\" role=\"img\"\/><\/figure><\/div>\n\n\n\n<div class=\"wp-block-uagb-advanced-heading uagb-block-146589c1\"><h3 class=\"uagb-heading-text\">Divertissement<\/h3><\/div>\n\n\n\n<div class=\"wp-block-uagb-advanced-heading uagb-block-0b1257e6\"><p class=\"uagb-heading-text\">Technologie LED immersive con\u00e7ue pour les spectacles les plus captivants au monde.<\/p><\/div>\n\n\n\n<div class=\"wp-block-uagb-info-box uagb-block-67f07f1f uagb-infobox__content-wrap  uagb-infobox-icon-above-title uagb-infobox-image-valign-top\"><div class=\"uagb-ifb-content\"><div class=\"uagb-ifb-title-wrap\"><\/div><div class=\"uagb-ifb-button-wrapper wp-block-button\"><a href=\"\/fr\/entertainment\/\" class=\"uagb-infobox-cta-link wp-block-button__link\" target=\"_self\" rel=\"noopener noreferrer\" onclick=\"return true;\"><span class=\"uagb-inline-editing\">Voir plus<\/span><svg xmlns=\"https:\/\/www.w3.org\/2000\/svg\" viewbox=\"0 0 512 512\"><path d=\"M504.3 273.6l-112.1 104c-6.992 6.484-17.18 8.218-25.94 4.406c-8.758-3.812-14.42-12.45-14.42-21.1L351.9 288H32C14.33 288 .0002 273.7 .0002 255.1S14.33 224 32 224h319.9l0-72c0-9.547 5.66-18.19 14.42-22c8.754-3.809 18.95-2.075 25.94 4.41l112.1 104C514.6 247.9 514.6 264.1 504.3 273.6z\"><\/path><\/svg><\/a><\/div><\/div><\/div>\n<\/div>\n<\/div>\n\n\n\n<div class=\"wp-block-uagb-container uagb-block-c23e7bca\">\n<div class=\"wp-block-uagb-container uagb-block-21be1924\">\n<div class=\"wp-block-uagb-image alignright uagb-block-68138820 wp-block-uagb-image--layout-default wp-block-uagb-image--effect-static wp-block-uagb-image--align-right\"><figure class=\"wp-block-uagb-image__figure\"><img decoding=\"async\" srcset=\"https:\/\/muntechpanels.com\/wp-content\/uploads\/2025\/12\/1.jpg ,https:\/\/muntechpanels.com\/wp-content\/uploads\/2025\/12\/1.jpg 780w, https:\/\/muntechpanels.com\/wp-content\/uploads\/2025\/12\/1.jpg 360w\" sizes=\"auto, (max-width: 480px) 150px\" src=\"https:\/\/muntechpanels.com\/wp-content\/uploads\/2025\/12\/1.jpg\" alt=\"muntech panel apparel shop\" class=\"uag-image-3665\" width=\"400\" height=\"560\" title=\"muntech panel apparel shop\" loading=\"lazy\" role=\"img\"\/><\/figure><\/div>\n\n\n\n<div class=\"wp-block-uagb-advanced-heading uagb-block-5d4cc462\"><h3 class=\"uagb-heading-text\">Ventes<\/h3><\/div>\n\n\n\n<div class=\"wp-block-uagb-advanced-heading uagb-block-2ffa132e\"><p class=\"uagb-heading-text\">Une technologie de vente au d\u00e9tail con\u00e7ue pour rendre votre marque impossible \u00e0 ignorer.<\/p><\/div>\n\n\n\n<div class=\"wp-block-uagb-info-box uagb-block-840abeca uagb-infobox__content-wrap  uagb-infobox-icon-above-title uagb-infobox-image-valign-top\"><div class=\"uagb-ifb-content\"><div class=\"uagb-ifb-title-wrap\"><\/div><div class=\"uagb-ifb-button-wrapper wp-block-button\"><a href=\"\/fr\/retail-and-sales\/\" class=\"uagb-infobox-cta-link wp-block-button__link\" target=\"_self\" rel=\"noopener noreferrer\" onclick=\"return true;\"><span class=\"uagb-inline-editing\">Voir plus<\/span><svg xmlns=\"https:\/\/www.w3.org\/2000\/svg\" viewbox=\"0 0 512 512\"><path d=\"M504.3 273.6l-112.1 104c-6.992 6.484-17.18 8.218-25.94 4.406c-8.758-3.812-14.42-12.45-14.42-21.1L351.9 288H32C14.33 288 .0002 273.7 .0002 255.1S14.33 224 32 224h319.9l0-72c0-9.547 5.66-18.19 14.42-22c8.754-3.809 18.95-2.075 25.94 4.41l112.1 104C514.6 247.9 514.6 264.1 504.3 273.6z\"><\/path><\/svg><\/a><\/div><\/div><\/div>\n<\/div>\n\n\n\n<div class=\"wp-block-uagb-container uagb-block-d2003f1e\">\n<div class=\"wp-block-uagb-image uagb-block-2275ee92 wp-block-uagb-image--layout-default wp-block-uagb-image--effect-static wp-block-uagb-image--align-none\"><figure class=\"wp-block-uagb-image__figure\"><img decoding=\"async\" srcset=\"https:\/\/muntechpanels.com\/wp-content\/uploads\/2025\/12\/6-1.jpg ,https:\/\/muntechpanels.com\/wp-content\/uploads\/2025\/12\/6-1.jpg 780w, https:\/\/muntechpanels.com\/wp-content\/uploads\/2025\/12\/6-1.jpg 360w\" sizes=\"auto, (max-width: 480px) 150px\" src=\"https:\/\/muntechpanels.com\/wp-content\/uploads\/2025\/12\/6-1.jpg\" alt=\"muntech panel office display\" class=\"uag-image-3630\" width=\"480\" height=\"320\" title=\"muntech panel office display\" loading=\"lazy\" role=\"img\"\/><\/figure><\/div>\n\n\n\n<div class=\"wp-block-uagb-advanced-heading uagb-block-a9a59ecf\"><h3 class=\"uagb-heading-text\">Entreprise<\/h3><\/div>\n\n\n\n<div class=\"wp-block-uagb-advanced-heading uagb-block-35dec650\"><p class=\"uagb-heading-text\">Transformez votre salle de r\u00e9union en un centre de collaboration d'une clart\u00e9 exceptionnelle.<\/p><\/div>\n\n\n\n<div class=\"wp-block-uagb-info-box uagb-block-753e7af9 uagb-infobox__content-wrap  uagb-infobox-icon-above-title uagb-infobox-image-valign-top\"><div class=\"uagb-ifb-content\"><div class=\"uagb-ifb-title-wrap\"><\/div><div class=\"uagb-ifb-button-wrapper wp-block-button\"><a href=\"\/fr\/corporate\/\" class=\"uagb-infobox-cta-link wp-block-button__link\" target=\"_self\" rel=\"noopener noreferrer\" onclick=\"return true;\"><span class=\"uagb-inline-editing\">Voir plus<\/span><svg xmlns=\"https:\/\/www.w3.org\/2000\/svg\" viewbox=\"0 0 512 512\"><path d=\"M504.3 273.6l-112.1 104c-6.992 6.484-17.18 8.218-25.94 4.406c-8.758-3.812-14.42-12.45-14.42-21.1L351.9 288H32C14.33 288 .0002 273.7 .0002 255.1S14.33 224 32 224h319.9l0-72c0-9.547 5.66-18.19 14.42-22c8.754-3.809 18.95-2.075 25.94 4.41l112.1 104C514.6 247.9 514.6 264.1 504.3 273.6z\"><\/path><\/svg><\/a><\/div><\/div><\/div>\n<\/div>\n<\/div>\n<\/div><\/div>\n\n\n\n<div class=\"wp-block-uagb-container uagb-block-d5ef7105 alignfull uagb-is-root-container\"><div class=\"uagb-container-inner-blocks-wrap\">\n<div class=\"wp-block-uagb-container uagb-block-b049f3e8\">\n<div class=\"wp-block-uagb-advanced-heading uagb-block-34076b63\"><div class=\"uagb-separator\"><\/div><h2 class=\"uagb-heading-text\">Un partenariat de services complets<\/h2><\/div>\n\n\n\n<div class=\"wp-block-uagb-advanced-heading uagb-block-d00e22ed\"><p class=\"uagb-heading-text\">Nous ne nous contentons pas de fournir du mat\u00e9riel\u00a0; nous garantissons des r\u00e9sultats. Chaque vente et location est couverte par notre suite d\u2019assistance Triple-Check, comprenant une installation professionnelle, une supervision technique sur site et un plan de redondance sans faille. Que vous achetiez ou louiez, nous prenons en charge l\u2019int\u00e9gralit\u00e9 de la cha\u00eene logistique pour que vous puissiez vous concentrer sur l\u2019essentiel.<\/p><\/div>\n\n\n\n<div class=\"wp-block-uagb-icon-list uagb-block-753dbebd\"><div class=\"uagb-icon-list__wrap\">\n<div class=\"wp-block-uagb-icon-list-child uagb-block-af3c86f4\"><span class=\"uagb-icon-list__source-wrap\"><svg xmlns=\"https:\/\/www.w3.org\/2000\/svg\" viewbox=\"0 0 512 512\"><path d=\"M0 256C0 114.6 114.6 0 256 0C397.4 0 512 114.6 512 256C512 397.4 397.4 512 256 512C114.6 512 0 397.4 0 256zM371.8 211.8C382.7 200.9 382.7 183.1 371.8 172.2C360.9 161.3 343.1 161.3 332.2 172.2L224 280.4L179.8 236.2C168.9 225.3 151.1 225.3 140.2 236.2C129.3 247.1 129.3 264.9 140.2 275.8L204.2 339.8C215.1 350.7 232.9 350.7 243.8 339.8L371.8 211.8z\"><\/path><\/svg><\/span><span class=\"uagb-icon-list__label\"><strong>Installation cl\u00e9 en main<\/strong><\/span><\/div>\n\n\n\n<div class=\"wp-block-uagb-icon-list-child uagb-block-282dde21\"><span class=\"uagb-icon-list__source-wrap\"><svg xmlns=\"https:\/\/www.w3.org\/2000\/svg\" viewbox=\"0 0 512 512\"><path d=\"M0 256C0 114.6 114.6 0 256 0C397.4 0 512 114.6 512 256C512 397.4 397.4 512 256 512C114.6 512 0 397.4 0 256zM371.8 211.8C382.7 200.9 382.7 183.1 371.8 172.2C360.9 161.3 343.1 161.3 332.2 172.2L224 280.4L179.8 236.2C168.9 225.3 151.1 225.3 140.2 236.2C129.3 247.1 129.3 264.9 140.2 275.8L204.2 339.8C215.1 350.7 232.9 350.7 243.8 339.8L371.8 211.8z\"><\/path><\/svg><\/span><span class=\"uagb-icon-list__label\"><strong>Assistance technique sur site<\/strong><\/span><\/div>\n\n\n\n<div class=\"wp-block-uagb-icon-list-child uagb-block-9987e83d\"><span class=\"uagb-icon-list__source-wrap\"><svg xmlns=\"https:\/\/www.w3.org\/2000\/svg\" viewbox=\"0 0 512 512\"><path d=\"M0 256C0 114.6 114.6 0 256 0C397.4 0 512 114.6 512 256C512 397.4 397.4 512 256 512C114.6 512 0 397.4 0 256zM371.8 211.8C382.7 200.9 382.7 183.1 371.8 172.2C360.9 161.3 343.1 161.3 332.2 172.2L224 280.4L179.8 236.2C168.9 225.3 151.1 225.3 140.2 236.2C129.3 247.1 129.3 264.9 140.2 275.8L204.2 339.8C215.1 350.7 232.9 350.7 243.8 339.8L371.8 211.8z\"><\/path><\/svg><\/span><span class=\"uagb-icon-list__label\"><strong>Gestion logistique<\/strong><\/span><\/div>\n\n\n\n<div class=\"wp-block-uagb-icon-list-child uagb-block-75b34390\"><span class=\"uagb-icon-list__source-wrap\"><svg xmlns=\"https:\/\/www.w3.org\/2000\/svg\" viewbox=\"0 0 512 512\"><path d=\"M0 256C0 114.6 114.6 0 256 0C397.4 0 512 114.6 512 256C512 397.4 397.4 512 256 512C114.6 512 0 397.4 0 256zM371.8 211.8C382.7 200.9 382.7 183.1 371.8 172.2C360.9 161.3 343.1 161.3 332.2 172.2L224 280.4L179.8 236.2C168.9 225.3 151.1 225.3 140.2 236.2C129.3 247.1 129.3 264.9 140.2 275.8L204.2 339.8C215.1 350.7 232.9 350.7 243.8 339.8L371.8 211.8z\"><\/path><\/svg><\/span><span class=\"uagb-icon-list__label\"><strong>Maintenance pr\u00e9ventive<\/strong><\/span><\/div>\n<\/div><\/div>\n\n\n\n<div class=\"wp-block-uagb-buttons uagb-buttons__outer-wrap uagb-btn__default-btn uagb-btn-tablet__default-btn uagb-btn-mobile__default-btn uagb-block-6d5c0e53\"><div class=\"uagb-buttons__wrap uagb-buttons-layout-wrap\">\n<div class=\"wp-block-uagb-buttons-child uagb-buttons__outer-wrap uagb-block-c3e8b55e wp-block-button\"><div class=\"uagb-button__wrapper\"><a class=\"uagb-buttons-repeater wp-block-button__link\" aria-label=\"\" href=\"#\" rel=\"follow noopener\" target=\"_self\" role=\"button\"><div class=\"uagb-button__link\">Voir plus<\/div><\/a><\/div><\/div>\n<\/div><\/div>\n<\/div>\n<\/div><\/div>\n\n\n\n<div class=\"wp-block-uagb-container uagb-block-07522f34 alignfull uagb-is-root-container\"><div class=\"uagb-container-inner-blocks-wrap\">\n<div class=\"wp-block-uagb-advanced-heading uagb-block-19f401e7\"><div class=\"uagb-separator\"><\/div><h2 class=\"uagb-heading-text\">Pourquoi nous choisir<\/h2><\/div>\n\n\n\n<div class=\"wp-block-uagb-container uagb-block-fee1eac8\">\n<div class=\"wp-block-uagb-container uagb-block-528603d2\">\n<div class=\"wp-block-uagb-advanced-heading uagb-block-d9a4fb46\"><h6 class=\"uagb-heading-text\">01<\/h6><\/div>\n\n\n\n<div class=\"wp-block-uagb-info-box uagb-block-cea17812 uagb-infobox__content-wrap  uagb-infobox-icon-above-title uagb-infobox-image-valign-top\"><div class=\"uagb-ifb-content\"><div class=\"uagb-ifb-title-wrap\"><h4 class=\"uagb-ifb-title\">Professionnel<\/h4><\/div><p class=\"uagb-ifb-desc\"><strong>Installation gants blancs<\/strong> ,notre \u00e9quipe s'occupe de tout, du montage et de l'alimentation \u00e9lectrique jusqu'au mappage final des pixels.<\/p><\/div><\/div>\n<\/div>\n\n\n\n<div class=\"wp-block-uagb-container uagb-block-46ad8009\">\n<div class=\"wp-block-uagb-advanced-heading uagb-block-fba336f9\"><h6 class=\"uagb-heading-text\">02<\/h6><\/div>\n\n\n\n<div class=\"wp-block-uagb-info-box uagb-block-5c53b560 uagb-infobox__content-wrap  uagb-infobox-icon-above-title uagb-infobox-image-valign-top\"><div class=\"uagb-ifb-content\"><div class=\"uagb-ifb-title-wrap\"><h4 class=\"uagb-ifb-title\">s\u00e9curis\u00e9<\/h4><\/div><p class=\"uagb-ifb-desc\">Fournir des documents techniques valid\u00e9s garantissant que les \u00e9crans sont mont\u00e9s ou suspendus en toute s\u00e9curit\u00e9.<\/p><\/div><\/div>\n<\/div>\n\n\n\n<div class=\"wp-block-uagb-container uagb-block-49584bf3\">\n<div class=\"wp-block-uagb-advanced-heading uagb-block-1ef6ab73\"><h6 class=\"uagb-heading-text\">03<\/h6><\/div>\n\n\n\n<div class=\"wp-block-uagb-info-box uagb-block-c54882ff uagb-infobox__content-wrap  uagb-infobox-icon-above-title uagb-infobox-image-valign-top\"><div class=\"uagb-ifb-content\"><div class=\"uagb-ifb-title-wrap\"><h4 class=\"uagb-ifb-title\">Fiable<\/h4><\/div><p class=\"uagb-ifb-desc\">De <strong>Montreal<\/strong>sc\u00e8ne commerciale dynamique jusqu'a <strong>Ottawa<\/strong>les centres d'affaires et les entreprises nous font confiance pour d\u00e9ployer la magie des LED.<\/p><\/div><\/div>\n<\/div>\n\n\n\n<div class=\"wp-block-uagb-container uagb-block-709dc6ab\">\n<div class=\"wp-block-uagb-advanced-heading uagb-block-1f91c979\"><h6 class=\"uagb-heading-text\">04<\/h6><\/div>\n\n\n\n<div class=\"wp-block-uagb-info-box uagb-block-8ff095e1 uagb-infobox__content-wrap  uagb-infobox-icon-above-title uagb-infobox-image-valign-top\"><div class=\"uagb-ifb-content\"><div class=\"uagb-ifb-title-wrap\"><h4 class=\"uagb-ifb-title\">Abordable<\/h4><\/div><p class=\"uagb-ifb-desc\">Nous proposons des \u00e9crans fiables et \u00e0 la pointe de la technologie qui allient performances exceptionnelles et rapport qualit\u00e9-prix remarquable.<\/p><\/div><\/div>\n<\/div>\n<\/div>\n<\/div><\/div>\n\n\n\n<div class=\"wp-block-uagb-container uagb-block-87257021 alignfull uagb-is-root-container\"><div class=\"uagb-container-inner-blocks-wrap\">\n<div class=\"wp-block-uagb-container uagb-block-c7ee6aa0\">\n<div class=\"wp-block-uagb-advanced-heading uagb-block-d49a948f\"><div class=\"uagb-separator\"><\/div><h3 class=\"uagb-heading-text\">\u00c9cran LED pour salon de coiffure<\/h3><\/div>\n\n\n\n<div class=\"wp-block-uagb-advanced-heading uagb-block-2b19c09d\"><p class=\"uagb-heading-text\">Un de nos \u00e9crans LED chez un de nos clients.<\/p><\/div>\n\n\n\n<div class=\"wp-block-uagb-buttons uagb-buttons__outer-wrap uagb-btn__default-btn uagb-btn-tablet__default-btn uagb-btn-mobile__default-btn uagb-block-a436a458\"><div class=\"uagb-buttons__wrap uagb-buttons-layout-wrap\">\n<div class=\"wp-block-uagb-buttons-child uagb-buttons__outer-wrap uagb-block-f2b9ac34 wp-block-button\"><div class=\"uagb-button__wrapper\"><a class=\"uagb-buttons-repeater wp-block-button__link\" aria-label=\"\" href=\"\/fr\/contact-us\/\" rel=\"follow noopener\" target=\"_self\" role=\"button\"><div class=\"uagb-button__link\">Reservez une r\u00e9union <\/div><\/a><\/div><\/div>\n<\/div><\/div>\n<\/div>\n<\/div><\/div>\n\n\n\n<div class=\"wp-block-uagb-container uagb-block-72a9f1f8 alignfull uagb-is-root-container\"><div class=\"uagb-container-inner-blocks-wrap\">\n<div class=\"wp-block-uagb-container uagb-block-e4c91e2c alignfull uagb-is-root-container\"><div class=\"uagb-container-inner-blocks-wrap\">\n<div class=\"wp-block-uagb-separator uagb-block-f89566ab\"><div class=\"wp-block-uagb-separator__inner\" style=\"--my-background-image:\"><\/div><\/div>\n\n\n\n<div class=\"wp-block-uagb-advanced-heading uagb-block-916c656c\"><h3 class=\"uagb-heading-text\">La Perspective Pixel<\/h3><\/div>\n<\/div><\/div>\n<\/div><\/div>\n\n\n\n<div class=\"wp-block-uagb-container uagb-block-050a3ed2 alignfull uagb-is-root-container\"><div class=\"uagb-container-inner-blocks-wrap\">\n\t\t\t<div class=\"wp-block-uagb-post-grid uagb-post-grid  uagb-post__image-position-top uagb-post__image-enabled uagb-block-7c33b837     uagb-post__items uagb-post__columns-3 is-grid uagb-post__columns-tablet-2 uagb-post__columns-mobile-1 uagb-post__equal-height\" data-total=\"1\" style=\"\">\n\n\t\t\t\t\t\t\t\t\t\t\t\t<article class=\"uagb-post__inner-wrap\">\t\t\t\t\t\t\t\t<div class='uagb-post__image'>\n\t\t\t\t\t\t\t\t\t<a href=\"https:\/\/muntechpanels.com\/fr\/where-does-it-come-from\/\" target=\"_self\" rel=\"bookmark noopener noreferrer\" class='uagb-image-ratio-inherit'><img loading=\"lazy\" decoding=\"async\" width=\"401\" height=\"561\" src=\"https:\/\/muntechpanels.com\/wp-content\/uploads\/2026\/01\/5.jpg\" class=\"attachment-large size-large\" alt=\"muntech panels retail illustration\" srcset=\"https:\/\/muntechpanels.com\/wp-content\/uploads\/2026\/01\/5.jpg 401w, https:\/\/muntechpanels.com\/wp-content\/uploads\/2026\/01\/5-214x300.jpg 214w\" sizes=\"auto, (max-width: 401px) 100vw, 401px\" \/>\t\t\t\t\t<\/a>\n\t\t\t\t\t\t\t<\/div>\n\t\t\t\t\t\t<h4 class=\"uagb-post__title uagb-post__text\">\n\t\t\t\t<a href=\"https:\/\/muntechpanels.com\/fr\/where-does-it-come-from\/\" target=\"_self\" rel=\"bookmark noopener noreferrer\">Upgrade Your Storefront<\/a>\n\t\t\t<\/h4>\n\t\t\t\t\t\t<div class='uagb-post__text uagb-post-grid-byline'>\n\t\t\t\t\t\t\t\t<time datetime=\"2025-12-31T23:24:37+00:00\" class=\"uagb-post__date\">\n\t\t\t\t\t\t\t\t\tD\u00e9cembre 31, 2025\t\t\t\t<\/time>\n\t\t\t\t\t\t\t<span class=\"uagb-post__comment\">\n\t\t\t\t\t\t\t\t\tPas de commentaire\t\t\t\t<\/span>\n\t\t\t\t\t\t<\/div>\n\t\t\t\t\t\t\t<div class='uagb-post__text uagb-post__excerpt'>\n\t\t\t\t\t<p>In the bustling streets of the ByWard Market or the vibrant avenues of Plateau Mont-Royal,&#8230;\t\t\t\t<\/div>\n\t\t\t\t\t\t<div class=\"uagb-post__text uagb-post__cta wp-block-button\">\n\t\t\t\t<a class=\"wp-block-button__link uagb-text-link\" style=\"\" href=\"https:\/\/muntechpanels.com\/fr\/where-does-it-come-from\/\" target=\"_self\" rel=\"bookmark noopener noreferrer\">Voir plus<\/a>\n\t\t\t<\/div>\n\t\t\t\n\t\t\t\t\t\t\t\t\t<\/article>\n\t\t\t\t\t\t\t\t\t\t\t\t\t\t\t\t<article class=\"uagb-post__inner-wrap\">\t\t\t\t\t\t\t\t<div class='uagb-post__image'>\n\t\t\t\t\t\t\t\t\t<a href=\"https:\/\/muntechpanels.com\/fr\/hello-world\/\" target=\"_self\" rel=\"bookmark noopener noreferrer\" class='uagb-image-ratio-inherit'><img loading=\"lazy\" decoding=\"async\" width=\"401\" height=\"561\" src=\"https:\/\/muntechpanels.com\/wp-content\/uploads\/2025\/12\/8.jpg\" class=\"attachment-large size-large\" alt=\"\" srcset=\"https:\/\/muntechpanels.com\/wp-content\/uploads\/2025\/12\/8.jpg 401w, https:\/\/muntechpanels.com\/wp-content\/uploads\/2025\/12\/8-214x300.jpg 214w\" sizes=\"auto, (max-width: 401px) 100vw, 401px\" \/>\t\t\t\t\t<\/a>\n\t\t\t\t\t\t\t<\/div>\n\t\t\t\t\t\t<h4 class=\"uagb-post__title uagb-post__text\">\n\t\t\t\t<a href=\"https:\/\/muntechpanels.com\/fr\/hello-world\/\" target=\"_self\" rel=\"bookmark noopener noreferrer\">Obtenez l'effet \u00ab\u00a0wahou\u00a0\u00bb<\/a>\n\t\t\t<\/h4>\n\t\t\t\t\t\t<div class='uagb-post__text uagb-post-grid-byline'>\n\t\t\t\t\t\t\t\t<time datetime=\"2025-12-28T14:09:25+00:00\" class=\"uagb-post__date\">\n\t\t\t\t\t\t\t\t\tD\u00e9cembre 28, 2025\t\t\t\t<\/time>\n\t\t\t\t\t\t\t<span class=\"uagb-post__comment\">\n\t\t\t\t\t\t\t\t\tUn commentaire\t\t\t\t<\/span>\n\t\t\t\t\t\t<\/div>\n\t\t\t\t\t\t\t<div class='uagb-post__text uagb-post__excerpt'>\n\t\t\t\t\t<p>Planning a grand opening in Kanata? Hosting a gala at the Palais des congr\u00e8s? Or&#8230;\t\t\t\t<\/div>\n\t\t\t\t\t\t<div class=\"uagb-post__text uagb-post__cta wp-block-button\">\n\t\t\t\t<a class=\"wp-block-button__link uagb-text-link\" style=\"\" href=\"https:\/\/muntechpanels.com\/fr\/hello-world\/\" target=\"_self\" rel=\"bookmark noopener noreferrer\">Voir plus<\/a>\n\t\t\t<\/div>\n\t\t\t\n\t\t\t\t\t\t\t\t\t<\/article>\n\t\t\t\t\t\t\t\t\t\t\t<\/div>\n\t\t\t<\/div><\/div>\n\n\n\n<p><\/p>","protected":false},"excerpt":{"rendered":"<p>muntech panels Show up bigger, with reliable support from A to Z. We help you show up bigger; with scale, and vigor. Whatever your vision, we have the LED solution to match. From expert installation to dedicated support, we handle the technical details so you don&#8217;t have to. From retail storefronts that demand attention to [&hellip;]<\/p>","protected":false},"author":1,"featured_media":0,"parent":0,"menu_order":0,"comment_status":"closed","ping_status":"closed","template":"","meta":{"_uag_custom_page_level_css":"","site-sidebar-layout":"no-sidebar","site-content-layout":"page-builder","ast-site-content-layout":"full-width-container","site-content-style":"unboxed","site-sidebar-style":"unboxed","ast-global-header-display":"","ast-banner-title-visibility":"","ast-main-header-display":"","ast-hfb-above-header-display":"","ast-hfb-below-header-display":"","ast-hfb-mobile-header-display":"","site-post-title":"disabled","ast-breadcrumbs-content":"","ast-featured-img":"","footer-sml-layout":"","ast-disable-related-posts":"","theme-transparent-header-meta":"enabled","adv-header-id-meta":"","stick-header-meta":"","header-above-stick-meta":"","header-main-stick-meta":"","header-below-stick-meta":"","astra-migrate-meta-layouts":"set","ast-page-background-enabled":"default","ast-page-background-meta":{"desktop":{"background-color":"","background-image":"","background-repeat":"repeat","background-position":"center center","background-size":"auto","background-attachment":"scroll","background-type":"","background-media":"","overlay-type":"","overlay-color":"","overlay-opacity":"","overlay-gradient":""},"tablet":{"background-color":"","background-image":"","background-repeat":"repeat","background-position":"center center","background-size":"auto","background-attachment":"scroll","background-type":"","background-media":"","overlay-type":"","overlay-color":"","overlay-opacity":"","overlay-gradient":""},"mobile":{"background-color":"","background-image":"","background-repeat":"repeat","background-position":"center center","background-size":"auto","background-attachment":"scroll","background-type":"","background-media":"","overlay-type":"","overlay-color":"","overlay-opacity":"","overlay-gradient":""}},"ast-content-background-meta":{"desktop":{"background-color":"var(--ast-global-color-5)","background-image":"","background-repeat":"repeat","background-position":"center center","background-size":"auto","background-attachment":"scroll","background-type":"","background-media":"","overlay-type":"","overlay-color":"","overlay-opacity":"","overlay-gradient":""},"tablet":{"background-color":"var(--ast-global-color-5)","background-image":"","background-repeat":"repeat","background-position":"center center","background-size":"auto","background-attachment":"scroll","background-type":"","background-media":"","overlay-type":"","overlay-color":"","overlay-opacity":"","overlay-gradient":""},"mobile":{"background-color":"var(--ast-global-color-5)","background-image":"","background-repeat":"repeat","background-position":"center center","background-size":"auto","background-attachment":"scroll","background-type":"","background-media":"","overlay-type":"","overlay-color":"","overlay-opacity":"","overlay-gradient":""}},"footnotes":""},"class_list":["post-1090","page","type-page","status-publish","hentry"],"aioseo_notices":[],"_hostinger_reach_plugin_has_subscription_block":false,"_hostinger_reach_plugin_is_elementor":false,"uagb_featured_image_src":{"full":false,"thumbnail":false,"medium":false,"medium_large":false,"large":false,"1536x1536":false,"2048x2048":false,"trp-custom-language-flag":false},"uagb_author_info":{"display_name":"munteanpaul7@gmail.com","author_link":"https:\/\/muntechpanels.com\/fr\/author\/munteanpaul7gmail-com\/"},"uagb_comment_info":0,"uagb_excerpt":"muntech panels Show up bigger, with reliable support from A to Z. We help you show up bigger; with scale, and vigor. Whatever your vision, we have the LED solution to match. From expert installation to dedicated support, we handle the technical details so you don&#8217;t have to. From retail storefronts that demand attention to&hellip;","_links":{"self":[{"href":"https:\/\/muntechpanels.com\/fr\/wp-json\/wp\/v2\/pages\/1090","targetHints":{"allow":["GET"]}}],"collection":[{"href":"https:\/\/muntechpanels.com\/fr\/wp-json\/wp\/v2\/pages"}],"about":[{"href":"https:\/\/muntechpanels.com\/fr\/wp-json\/wp\/v2\/types\/page"}],"author":[{"embeddable":true,"href":"https:\/\/muntechpanels.com\/fr\/wp-json\/wp\/v2\/users\/1"}],"replies":[{"embeddable":true,"href":"https:\/\/muntechpanels.com\/fr\/wp-json\/wp\/v2\/comments?post=1090"}],"version-history":[{"count":8,"href":"https:\/\/muntechpanels.com\/fr\/wp-json\/wp\/v2\/pages\/1090\/revisions"}],"predecessor-version":[{"id":4013,"href":"https:\/\/muntechpanels.com\/fr\/wp-json\/wp\/v2\/pages\/1090\/revisions\/4013"}],"wp:attachment":[{"href":"https:\/\/muntechpanels.com\/fr\/wp-json\/wp\/v2\/media?parent=1090"}],"curies":[{"name":"wp","href":"https:\/\/api.w.org\/{rel}","templated":true}]}}