{"id":3753,"date":"2026-01-03T18:09:01","date_gmt":"2026-01-03T18:09:01","guid":{"rendered":"https:\/\/muntechpanels.com\/?page_id=3753"},"modified":"2026-01-18T13:21:16","modified_gmt":"2026-01-18T13:21:16","slug":"services","status":"publish","type":"page","link":"https:\/\/muntechpanels.com\/fr\/services\/","title":{"rendered":"Services"},"content":{"rendered":"<div class=\"wp-block-uagb-container uagb-block-ef097e7f alignfull uagb-is-root-container\"><div class=\"uagb-container-inner-blocks-wrap\">\n<div class=\"wp-block-uagb-advanced-heading uagb-block-7b437ad1\"><div class=\"uagb-separator\"><\/div><h1 class=\"uagb-heading-text\">nos services<\/h1><\/div>\n<\/div><\/div>\n\n\n\n<div class=\"wp-block-uagb-container uagb-block-e84539f5 alignfull uagb-is-root-container\"><div class=\"uagb-container-inner-blocks-wrap\">\n<div class=\"wp-block-uagb-container uagb-block-41c59279\">\n<div class=\"wp-block-uagb-container uagb-block-bb9f040f\">\n<div class=\"wp-block-uagb-advanced-heading uagb-block-b6b7316d\"><h2 class=\"uagb-heading-text\">01.<\/h2><\/div>\n<\/div>\n\n\n\n<div class=\"wp-block-uagb-container uagb-block-8fa9403f\">\n<div class=\"wp-block-uagb-advanced-heading uagb-block-0b54e62e\"><h3 class=\"uagb-heading-text\">Ventes<\/h3><\/div>\n\n\n\n<div class=\"wp-block-uagb-advanced-heading uagb-block-3af06a90\"><p class=\"uagb-heading-text\">Optimisez l'impact de votre vitrine gr\u00e2ce \u00e0 nos solutions d'affichage haute performance. Nous proposons des panneaux haute luminosit\u00e9, con\u00e7us pour \u00eatre install\u00e9s face \u00e0 la vitrine, et qui conservent leur \u00e9clat m\u00eame en plein soleil.<\/p><\/div>\n\n\n\n<div class=\"wp-block-uagb-icon-list uagb-block-f17ef91f\"><div class=\"uagb-icon-list__wrap\">\n<div class=\"wp-block-uagb-icon-list-child uagb-block-d1724808\"><span class=\"uagb-icon-list__source-wrap\"><svg xmlns=\"https:\/\/www.w3.org\/2000\/svg\" viewbox=\"0 0 512 512\"><path d=\"M256 0C114.6 0 0 114.6 0 256c0 141.4 114.6 256 256 256s256-114.6 256-256C512 114.6 397.4 0 256 0zM358.6 278.6l-112 112c-12.5 12.5-32.75 12.5-45.25 0s-12.5-32.75 0-45.25L290.8 256L201.4 166.6c-12.5-12.5-12.5-32.75 0-45.25s32.75-12.5 45.25 0l112 112C364.9 239.6 368 247.8 368 256S364.9 272.4 358.6 278.6z\"><\/path><\/svg><\/span><span class=\"uagb-icon-list__label\"><strong>Panneaux \u00e0 haute luminosit\u00e9<\/strong><\/span><\/div>\n\n\n\n<div class=\"wp-block-uagb-icon-list-child uagb-block-fc48cfa9\"><span class=\"uagb-icon-list__source-wrap\"><svg xmlns=\"https:\/\/www.w3.org\/2000\/svg\" viewbox=\"0 0 512 512\"><path d=\"M256 0C114.6 0 0 114.6 0 256c0 141.4 114.6 256 256 256s256-114.6 256-256C512 114.6 397.4 0 256 0zM358.6 278.6l-112 112c-12.5 12.5-32.75 12.5-45.25 0s-12.5-32.75 0-45.25L290.8 256L201.4 166.6c-12.5-12.5-12.5-32.75 0-45.25s32.75-12.5 45.25 0l112 112C364.9 239.6 368 247.8 368 256S364.9 272.4 358.6 278.6z\"><\/path><\/svg><\/span><span class=\"uagb-icon-list__label\"><strong>Murs LED transparents<\/strong><\/span><\/div>\n\n\n\n<div class=\"wp-block-uagb-icon-list-child uagb-block-e697b29f\"><span class=\"uagb-icon-list__source-wrap\"><svg xmlns=\"https:\/\/www.w3.org\/2000\/svg\" viewbox=\"0 0 512 512\"><path d=\"M256 0C114.6 0 0 114.6 0 256c0 141.4 114.6 256 256 256s256-114.6 256-256C512 114.6 397.4 0 256 0zM358.6 278.6l-112 112c-12.5 12.5-32.75 12.5-45.25 0s-12.5-32.75 0-45.25L290.8 256L201.4 166.6c-12.5-12.5-12.5-32.75 0-45.25s32.75-12.5 45.25 0l112 112C364.9 239.6 368 247.8 368 256S364.9 272.4 358.6 278.6z\"><\/path><\/svg><\/span><span class=\"uagb-icon-list__label\"><strong>Pr\u00e9sentoirs de comptoir<\/strong><\/span><\/div>\n\n\n\n<div class=\"wp-block-uagb-icon-list-child uagb-block-ac6c3fb6\"><span class=\"uagb-icon-list__source-wrap\"><svg xmlns=\"https:\/\/www.w3.org\/2000\/svg\" viewbox=\"0 0 512 512\"><path d=\"M256 0C114.6 0 0 114.6 0 256c0 141.4 114.6 256 256 256s256-114.6 256-256C512 114.6 397.4 0 256 0zM358.6 278.6l-112 112c-12.5 12.5-32.75 12.5-45.25 0s-12.5-32.75 0-45.25L290.8 256L201.4 166.6c-12.5-12.5-12.5-32.75 0-45.25s32.75-12.5 45.25 0l112 112C364.9 239.6 368 247.8 368 256S364.9 272.4 358.6 278.6z\"><\/path><\/svg><\/span><span class=\"uagb-icon-list__label\"><strong>Piliers num\u00e9riques<\/strong><\/span><\/div>\n\n\n\n<div class=\"wp-block-uagb-icon-list-child uagb-block-1180efa8\"><span class=\"uagb-icon-list__source-wrap\"><svg xmlns=\"https:\/\/www.w3.org\/2000\/svg\" viewbox=\"0 0 512 512\"><path d=\"M256 0C114.6 0 0 114.6 0 256c0 141.4 114.6 256 256 256s256-114.6 256-256C512 114.6 397.4 0 256 0zM358.6 278.6l-112 112c-12.5 12.5-32.75 12.5-45.25 0s-12.5-32.75 0-45.25L290.8 256L201.4 166.6c-12.5-12.5-12.5-32.75 0-45.25s32.75-12.5 45.25 0l112 112C364.9 239.6 368 247.8 368 256S364.9 272.4 358.6 278.6z\"><\/path><\/svg><\/span><span class=\"uagb-icon-list__label\"><strong>Panneaux de sol LED<\/strong><\/span><\/div>\n<\/div><\/div>\n\n\n\n<div class=\"wp-block-uagb-buttons uagb-buttons__outer-wrap uagb-btn__default-btn uagb-btn-tablet__default-btn uagb-btn-mobile__default-btn uagb-block-793ffb63\"><div class=\"uagb-buttons__wrap uagb-buttons-layout-wrap\">\n<div class=\"wp-block-uagb-buttons-child uagb-buttons__outer-wrap uagb-block-a96ae304 wp-block-button\"><div class=\"uagb-button__wrapper\"><a class=\"uagb-buttons-repeater wp-block-button__link\" aria-label=\"\" href=\"\/fr\/retail-and-sales\/\" rel=\"follow noopener\" target=\"_self\" role=\"button\"><div class=\"uagb-button__link\">Voir Plus<\/div><\/a><\/div><\/div>\n<\/div><\/div>\n<\/div>\n\n\n\n<div class=\"wp-block-uagb-container uagb-block-4a746834\">\n<div class=\"wp-block-uagb-image uagb-block-80c89fd0 wp-block-uagb-image--layout-default wp-block-uagb-image--effect-static wp-block-uagb-image--align-none\"><figure class=\"wp-block-uagb-image__figure\"><img decoding=\"async\" srcset=\"https:\/\/muntechpanels.com\/wp-content\/uploads\/2026\/01\/5.jpg ,https:\/\/muntechpanels.com\/wp-content\/uploads\/2026\/01\/5.jpg 780w, https:\/\/muntechpanels.com\/wp-content\/uploads\/2026\/01\/5.jpg 360w\" sizes=\"auto, (max-width: 480px) 150px\" src=\"https:\/\/muntechpanels.com\/wp-content\/uploads\/2026\/01\/5.jpg\" alt=\"muntech panels retail illustration\" class=\"uag-image-3771\" width=\"360\" height=\"360\" title=\"muntech panels retail illustration\" loading=\"lazy\" role=\"img\"\/><\/figure><\/div>\n<\/div>\n<\/div>\n\n\n\n<div class=\"wp-block-uagb-container uagb-block-7e82f428\">\n<div class=\"wp-block-uagb-container uagb-block-486aebd3\">\n<div class=\"wp-block-uagb-advanced-heading uagb-block-ab60f07a\"><h2 class=\"uagb-heading-text\">02.<\/h2><\/div>\n<\/div>\n\n\n\n<div class=\"wp-block-uagb-container uagb-block-3afe0b8b\">\n<div class=\"wp-block-uagb-advanced-heading uagb-block-c9cf3f82\"><h3 class=\"uagb-heading-text\">Divertissement<\/h3><\/div>\n\n\n\n<div class=\"wp-block-uagb-advanced-heading uagb-block-8e5990cd\"><p class=\"uagb-heading-text\">Nous donnons vie aux histoires gr\u00e2ce \u00e0 des solutions LED con\u00e7ues pour les grandes sc\u00e8nes. Nos \u00e9crans servent le monde du divertissement de multiples fa\u00e7ons.<\/p><\/div>\n\n\n\n<div class=\"wp-block-uagb-icon-list uagb-block-d8426863\"><div class=\"uagb-icon-list__wrap\">\n<div class=\"wp-block-uagb-icon-list-child uagb-block-8e0f2027\"><span class=\"uagb-icon-list__source-wrap\"><svg xmlns=\"https:\/\/www.w3.org\/2000\/svg\" viewbox=\"0 0 512 512\"><path d=\"M256 0C114.6 0 0 114.6 0 256c0 141.4 114.6 256 256 256s256-114.6 256-256C512 114.6 397.4 0 256 0zM358.6 278.6l-112 112c-12.5 12.5-32.75 12.5-45.25 0s-12.5-32.75 0-45.25L290.8 256L201.4 166.6c-12.5-12.5-12.5-32.75 0-45.25s32.75-12.5 45.25 0l112 112C364.9 239.6 368 247.8 368 256S364.9 272.4 358.6 278.6z\"><\/path><\/svg><\/span><span class=\"uagb-icon-list__label\"><strong>Production virtuelle<\/strong><\/span><\/div>\n\n\n\n<div class=\"wp-block-uagb-icon-list-child uagb-block-28a5f649\"><span class=\"uagb-icon-list__source-wrap\"><svg xmlns=\"https:\/\/www.w3.org\/2000\/svg\" viewbox=\"0 0 512 512\"><path d=\"M256 0C114.6 0 0 114.6 0 256c0 141.4 114.6 256 256 256s256-114.6 256-256C512 114.6 397.4 0 256 0zM358.6 278.6l-112 112c-12.5 12.5-32.75 12.5-45.25 0s-12.5-32.75 0-45.25L290.8 256L201.4 166.6c-12.5-12.5-12.5-32.75 0-45.25s32.75-12.5 45.25 0l112 112C364.9 239.6 368 247.8 368 256S364.9 272.4 358.6 278.6z\"><\/path><\/svg><\/span><span class=\"uagb-icon-list__label\"><strong>Concerts immersifs<\/strong><\/span><\/div>\n\n\n\n<div class=\"wp-block-uagb-icon-list-child uagb-block-9986309d\"><span class=\"uagb-icon-list__source-wrap\"><svg xmlns=\"https:\/\/www.w3.org\/2000\/svg\" viewbox=\"0 0 512 512\"><path d=\"M256 0C114.6 0 0 114.6 0 256c0 141.4 114.6 256 256 256s256-114.6 256-256C512 114.6 397.4 0 256 0zM358.6 278.6l-112 112c-12.5 12.5-32.75 12.5-45.25 0s-12.5-32.75 0-45.25L290.8 256L201.4 166.6c-12.5-12.5-12.5-32.75 0-45.25s32.75-12.5 45.25 0l112 112C364.9 239.6 368 247.8 368 256S364.9 272.4 358.6 278.6z\"><\/path><\/svg><\/span><span class=\"uagb-icon-list__label\"><strong>Paysages dynamiques<\/strong><\/span><\/div>\n\n\n\n<div class=\"wp-block-uagb-icon-list-child uagb-block-252390c0\"><span class=\"uagb-icon-list__source-wrap\"><svg xmlns=\"https:\/\/www.w3.org\/2000\/svg\" viewbox=\"0 0 512 512\"><path d=\"M256 0C114.6 0 0 114.6 0 256c0 141.4 114.6 256 256 256s256-114.6 256-256C512 114.6 397.4 0 256 0zM358.6 278.6l-112 112c-12.5 12.5-32.75 12.5-45.25 0s-12.5-32.75 0-45.25L290.8 256L201.4 166.6c-12.5-12.5-12.5-32.75 0-45.25s32.75-12.5 45.25 0l112 112C364.9 239.6 368 247.8 368 256S364.9 272.4 358.6 278.6z\"><\/path><\/svg><\/span><span class=\"uagb-icon-list__label\"><strong>Affichages cin\u00e9tiques<\/strong><\/span><\/div>\n<\/div><\/div>\n\n\n\n<div class=\"wp-block-uagb-buttons uagb-buttons__outer-wrap uagb-btn__default-btn uagb-btn-tablet__default-btn uagb-btn-mobile__default-btn uagb-block-2d91b649\"><div class=\"uagb-buttons__wrap uagb-buttons-layout-wrap\">\n<div class=\"wp-block-uagb-buttons-child uagb-buttons__outer-wrap uagb-block-0247b8c6 wp-block-button\"><div class=\"uagb-button__wrapper\"><a class=\"uagb-buttons-repeater wp-block-button__link\" aria-label=\"\" href=\"\/fr\/entertainment\/\" rel=\"follow noopener\" target=\"_self\" role=\"button\"><div class=\"uagb-button__link\">Voir Plus<\/div><\/a><\/div><\/div>\n<\/div><\/div>\n<\/div>\n\n\n\n<div class=\"wp-block-uagb-container uagb-block-15c303f0\">\n<div class=\"wp-block-uagb-image uagb-block-4752703e wp-block-uagb-image--layout-default wp-block-uagb-image--effect-static wp-block-uagb-image--align-none\"><figure class=\"wp-block-uagb-image__figure\"><img decoding=\"async\" srcset=\"https:\/\/muntechpanels.com\/wp-content\/uploads\/2026\/01\/4.jpg ,https:\/\/muntechpanels.com\/wp-content\/uploads\/2026\/01\/4.jpg 780w, https:\/\/muntechpanels.com\/wp-content\/uploads\/2026\/01\/4.jpg 360w\" sizes=\"auto, (max-width: 480px) 150px\" src=\"https:\/\/muntechpanels.com\/wp-content\/uploads\/2026\/01\/4.jpg\" alt=\"muntech panels entertainment\" class=\"uag-image-3976\" width=\"360\" height=\"360\" title=\"4\" loading=\"lazy\" role=\"img\"\/><\/figure><\/div>\n<\/div>\n<\/div>\n\n\n\n<div class=\"wp-block-uagb-container uagb-block-ee0b6232 alignfull uagb-is-root-container\"><div class=\"uagb-container-inner-blocks-wrap\">\n<div class=\"wp-block-uagb-container uagb-block-2e44b217\">\n<div class=\"wp-block-uagb-advanced-heading uagb-block-eccf253a\"><h2 class=\"uagb-heading-text\">03.<\/h2><\/div>\n<\/div>\n\n\n\n<div class=\"wp-block-uagb-container uagb-block-a5a2e25e\">\n<div class=\"wp-block-uagb-advanced-heading uagb-block-264470f9\"><h3 class=\"uagb-heading-text\">Entreprise<\/h3><\/div>\n\n\n\n<div class=\"wp-block-uagb-advanced-heading uagb-block-111877d1\"><p class=\"uagb-heading-text\">Les entreprises tirent parti de nos \u00e9crans pour optimiser leur communication interne et donner vie \u00e0 leur vision. Des murs d'images percutants pour halls d'entr\u00e9e, qui marquent les esprits, aux \u00e9crans LED haute r\u00e9solution con\u00e7us pour des pr\u00e9sentations fluides en salle de r\u00e9union, notre technologie garantit une clart\u00e9 optimale de votre message.<\/p><\/div>\n\n\n\n<div class=\"wp-block-uagb-icon-list uagb-block-b63a6357\"><div class=\"uagb-icon-list__wrap\">\n<div class=\"wp-block-uagb-icon-list-child uagb-block-65e1dad8\"><span class=\"uagb-icon-list__source-wrap\"><svg xmlns=\"https:\/\/www.w3.org\/2000\/svg\" viewbox=\"0 0 512 512\"><path d=\"M256 0C114.6 0 0 114.6 0 256c0 141.4 114.6 256 256 256s256-114.6 256-256C512 114.6 397.4 0 256 0zM358.6 278.6l-112 112c-12.5 12.5-32.75 12.5-45.25 0s-12.5-32.75 0-45.25L290.8 256L201.4 166.6c-12.5-12.5-12.5-32.75 0-45.25s32.75-12.5 45.25 0l112 112C364.9 239.6 368 247.8 368 256S364.9 272.4 358.6 278.6z\"><\/path><\/svg><\/span><span class=\"uagb-icon-list__label\"><strong>Murs vid\u00e9o des hall<\/strong><\/span><\/div>\n\n\n\n<div class=\"wp-block-uagb-icon-list-child uagb-block-8b600f7b\"><span class=\"uagb-icon-list__source-wrap\"><svg xmlns=\"https:\/\/www.w3.org\/2000\/svg\" viewbox=\"0 0 512 512\"><path d=\"M256 0C114.6 0 0 114.6 0 256c0 141.4 114.6 256 256 256s256-114.6 256-256C512 114.6 397.4 0 256 0zM358.6 278.6l-112 112c-12.5 12.5-32.75 12.5-45.25 0s-12.5-32.75 0-45.25L290.8 256L201.4 166.6c-12.5-12.5-12.5-32.75 0-45.25s32.75-12.5 45.25 0l112 112C364.9 239.6 368 247.8 368 256S364.9 272.4 358.6 278.6z\"><\/path><\/svg><\/span><span class=\"uagb-icon-list__label\"><strong>Salles de r\u00e9union haut de gamme<\/strong><\/span><\/div>\n\n\n\n<div class=\"wp-block-uagb-icon-list-child uagb-block-adf9a9b6\"><span class=\"uagb-icon-list__source-wrap\"><svg xmlns=\"https:\/\/www.w3.org\/2000\/svg\" viewbox=\"0 0 512 512\"><path d=\"M256 0C114.6 0 0 114.6 0 256c0 141.4 114.6 256 256 256s256-114.6 256-256C512 114.6 397.4 0 256 0zM358.6 278.6l-112 112c-12.5 12.5-32.75 12.5-45.25 0s-12.5-32.75 0-45.25L290.8 256L201.4 166.6c-12.5-12.5-12.5-32.75 0-45.25s32.75-12.5 45.25 0l112 112C364.9 239.6 368 247.8 368 256S364.9 272.4 358.6 278.6z\"><\/path><\/svg><\/span><span class=\"uagb-icon-list__label\"><strong>Visualisation des donn\u00e9es<\/strong> <strong>et plus<\/strong><\/span><\/div>\n<\/div><\/div>\n\n\n\n<div class=\"wp-block-uagb-buttons uagb-buttons__outer-wrap uagb-btn__default-btn uagb-btn-tablet__default-btn uagb-btn-mobile__default-btn uagb-block-5778300f\"><div class=\"uagb-buttons__wrap uagb-buttons-layout-wrap\">\n<div class=\"wp-block-uagb-buttons-child uagb-buttons__outer-wrap uagb-block-c7a3c940 wp-block-button\"><div class=\"uagb-button__wrapper\"><a class=\"uagb-buttons-repeater wp-block-button__link\" aria-label=\"\" href=\"\/fr\/corporate\/\" rel=\"follow noopener\" target=\"_self\" role=\"button\"><div class=\"uagb-button__link\">Voir Plus<\/div><\/a><\/div><\/div>\n<\/div><\/div>\n<\/div>\n\n\n\n<div class=\"wp-block-uagb-container uagb-block-5d8e85e7\">\n<div class=\"wp-block-uagb-image uagb-block-8d85cd86 wp-block-uagb-image--layout-default wp-block-uagb-image--effect-static wp-block-uagb-image--align-none\"><figure class=\"wp-block-uagb-image__figure\"><img decoding=\"async\" srcset=\"https:\/\/muntechpanels.com\/wp-content\/uploads\/2026\/01\/8.jpg ,https:\/\/muntechpanels.com\/wp-content\/uploads\/2026\/01\/8.jpg 780w, https:\/\/muntechpanels.com\/wp-content\/uploads\/2026\/01\/8.jpg 360w\" sizes=\"auto, (max-width: 480px) 150px\" src=\"https:\/\/muntechpanels.com\/wp-content\/uploads\/2026\/01\/8.jpg\" alt=\"muntech panels board room\" class=\"uag-image-3978\" width=\"360\" height=\"360\" title=\"muntech panels board room\" loading=\"lazy\" role=\"img\"\/><\/figure><\/div>\n<\/div>\n<\/div><\/div>\n\n\n\n<div class=\"wp-block-uagb-container uagb-block-54b5fc1f\">\n<div class=\"wp-block-uagb-container uagb-block-8c936baa\">\n<div class=\"wp-block-uagb-advanced-heading uagb-block-7055d90f\"><h2 class=\"uagb-heading-text\">04.<\/h2><\/div>\n<\/div>\n\n\n\n<div class=\"wp-block-uagb-container uagb-block-20796a2d\">\n<div class=\"wp-block-uagb-advanced-heading uagb-block-f2232f11\"><h3 class=\"uagb-heading-text\">Usages Sp\u00e9cialis\u00e9es<\/h3><\/div>\n\n\n\n<div class=\"wp-block-uagb-advanced-heading uagb-block-6997444f\"><p class=\"uagb-heading-text\">Des possibilit\u00e9s infinies, une \u00e9quipe d'experts. Quel que soit votre projet de technologie LED, nos techniciens sont pr\u00eats \u00e0 relever le d\u00e9fi et \u00e0 donner vie \u00e0 votre vision.<\/p><\/div>\n\n\n\n<div class=\"wp-block-uagb-icon-list uagb-block-20f57dea\"><div class=\"uagb-icon-list__wrap\">\n<div class=\"wp-block-uagb-icon-list-child uagb-block-e630c9e0\"><span class=\"uagb-icon-list__source-wrap\"><svg xmlns=\"https:\/\/www.w3.org\/2000\/svg\" viewbox=\"0 0 512 512\"><path d=\"M256 0C114.6 0 0 114.6 0 256c0 141.4 114.6 256 256 256s256-114.6 256-256C512 114.6 397.4 0 256 0zM358.6 278.6l-112 112c-12.5 12.5-32.75 12.5-45.25 0s-12.5-32.75 0-45.25L290.8 256L201.4 166.6c-12.5-12.5-12.5-32.75 0-45.25s32.75-12.5 45.25 0l112 112C364.9 239.6 368 247.8 368 256S364.9 272.4 358.6 278.6z\"><\/path><\/svg><\/span><span class=\"uagb-icon-list__label\"><strong>P\u00f4les de transport<\/strong><\/span><\/div>\n\n\n\n<div class=\"wp-block-uagb-icon-list-child uagb-block-d8ea58ec\"><span class=\"uagb-icon-list__source-wrap\"><svg xmlns=\"https:\/\/www.w3.org\/2000\/svg\" viewbox=\"0 0 512 512\"><path d=\"M256 0C114.6 0 0 114.6 0 256c0 141.4 114.6 256 256 256s256-114.6 256-256C512 114.6 397.4 0 256 0zM358.6 278.6l-112 112c-12.5 12.5-32.75 12.5-45.25 0s-12.5-32.75 0-45.25L290.8 256L201.4 166.6c-12.5-12.5-12.5-32.75 0-45.25s32.75-12.5 45.25 0l112 112C364.9 239.6 368 247.8 368 256S364.9 272.4 358.6 278.6z\"><\/path><\/svg><\/span><span class=\"uagb-icon-list__label\"><strong>Camions LED mobiles<\/strong><\/span><\/div>\n\n\n\n<div class=\"wp-block-uagb-icon-list-child uagb-block-f45804cb\"><span class=\"uagb-icon-list__source-wrap\"><svg xmlns=\"https:\/\/www.w3.org\/2000\/svg\" viewbox=\"0 0 512 512\"><path d=\"M256 0C114.6 0 0 114.6 0 256c0 141.4 114.6 256 256 256s256-114.6 256-256C512 114.6 397.4 0 256 0zM358.6 278.6l-112 112c-12.5 12.5-32.75 12.5-45.25 0s-12.5-32.75 0-45.25L290.8 256L201.4 166.6c-12.5-12.5-12.5-32.75 0-45.25s32.75-12.5 45.25 0l112 112C364.9 239.6 368 247.8 368 256S364.9 272.4 358.6 278.6z\"><\/path><\/svg><\/span><span class=\"uagb-icon-list__label\"><strong>Moniteurs de soins de sant\u00e9<\/strong><\/span><\/div>\n<\/div><\/div>\n\n\n\n<div class=\"wp-block-uagb-buttons uagb-buttons__outer-wrap uagb-btn__default-btn uagb-btn-tablet__default-btn uagb-btn-mobile__default-btn uagb-block-6a33ce23\"><div class=\"uagb-buttons__wrap uagb-buttons-layout-wrap\">\n<div class=\"wp-block-uagb-buttons-child uagb-buttons__outer-wrap uagb-block-d3031e8f wp-block-button\"><div class=\"uagb-button__wrapper\"><a class=\"uagb-buttons-repeater wp-block-button__link\" aria-label=\"\" href=\"\/fr\/niche-usage\/\" rel=\"follow noopener\" target=\"_self\" role=\"button\"><div class=\"uagb-button__link\">Voir Plus<\/div><\/a><\/div><\/div>\n<\/div><\/div>\n<\/div>\n\n\n\n<div class=\"wp-block-uagb-container uagb-block-d7864383\">\n<div class=\"wp-block-uagb-image alignleft uagb-block-58ccf531 wp-block-uagb-image--layout-default wp-block-uagb-image--effect-static wp-block-uagb-image--align-left\"><figure class=\"wp-block-uagb-image__figure\"><img decoding=\"async\" srcset=\"https:\/\/muntechpanels.com\/wp-content\/uploads\/2026\/01\/7.jpg ,https:\/\/muntechpanels.com\/wp-content\/uploads\/2026\/01\/7.jpg 780w, https:\/\/muntechpanels.com\/wp-content\/uploads\/2026\/01\/7.jpg 360w\" sizes=\"auto, (max-width: 480px) 150px\" src=\"https:\/\/muntechpanels.com\/wp-content\/uploads\/2026\/01\/7.jpg\" alt=\"muntech panels led floor \" class=\"uag-image-3774\" width=\"360\" height=\"360\" title=\"muntech panels led floor \" loading=\"lazy\" role=\"img\"\/><\/figure><\/div>\n<\/div>\n<\/div>\n<\/div><\/div>\n\n\n\n<p><\/p>","protected":false},"excerpt":{"rendered":"<p>our services 01. Retail &amp; Sale Maximize your storefront\u2019s impact with our high-performance display solutions. We offer window-facing, high-brightness panels specifically engineered to remain vivid even in direct sunlight. 02. Entertainment We bring stories to life with LED solutions built for the big stage. Our screens serve the entertainment world in diverse ways 03. Corporate [&hellip;]<\/p>","protected":false},"author":1,"featured_media":0,"parent":0,"menu_order":0,"comment_status":"closed","ping_status":"closed","template":"","meta":{"_uag_custom_page_level_css":"","site-sidebar-layout":"no-sidebar","site-content-layout":"","ast-site-content-layout":"full-width-container","site-content-style":"boxed","site-sidebar-style":"default","ast-global-header-display":"","ast-banner-title-visibility":"","ast-main-header-display":"","ast-hfb-above-header-display":"","ast-hfb-below-header-display":"","ast-hfb-mobile-header-display":"","site-post-title":"disabled","ast-breadcrumbs-content":"","ast-featured-img":"","footer-sml-layout":"","ast-disable-related-posts":"","theme-transparent-header-meta":"enabled","adv-header-id-meta":"","stick-header-meta":"","header-above-stick-meta":"","header-main-stick-meta":"","header-below-stick-meta":"","astra-migrate-meta-layouts":"set","ast-page-background-enabled":"default","ast-page-background-meta":{"desktop":{"background-color":"","background-image":"","background-repeat":"repeat","background-position":"center center","background-size":"auto","background-attachment":"scroll","background-type":"","background-media":"","overlay-type":"","overlay-color":"","overlay-opacity":"","overlay-gradient":""},"tablet":{"background-color":"","background-image":"","background-repeat":"repeat","background-position":"center center","background-size":"auto","background-attachment":"scroll","background-type":"","background-media":"","overlay-type":"","overlay-color":"","overlay-opacity":"","overlay-gradient":""},"mobile":{"background-color":"","background-image":"","background-repeat":"repeat","background-position":"center center","background-size":"auto","background-attachment":"scroll","background-type":"","background-media":"","overlay-type":"","overlay-color":"","overlay-opacity":"","overlay-gradient":""}},"ast-content-background-meta":{"desktop":{"background-color":"var(--ast-global-color-5)","background-image":"","background-repeat":"repeat","background-position":"center center","background-size":"auto","background-attachment":"scroll","background-type":"","background-media":"","overlay-type":"","overlay-color":"","overlay-opacity":"","overlay-gradient":""},"tablet":{"background-color":"var(--ast-global-color-5)","background-image":"","background-repeat":"repeat","background-position":"center center","background-size":"auto","background-attachment":"scroll","background-type":"","background-media":"","overlay-type":"","overlay-color":"","overlay-opacity":"","overlay-gradient":""},"mobile":{"background-color":"var(--ast-global-color-5)","background-image":"","background-repeat":"repeat","background-position":"center center","background-size":"auto","background-attachment":"scroll","background-type":"","background-media":"","overlay-type":"","overlay-color":"","overlay-opacity":"","overlay-gradient":""}},"footnotes":""},"class_list":["post-3753","page","type-page","status-publish","hentry"],"aioseo_notices":[],"_hostinger_reach_plugin_has_subscription_block":false,"_hostinger_reach_plugin_is_elementor":false,"uagb_featured_image_src":{"full":false,"thumbnail":false,"medium":false,"medium_large":false,"large":false,"1536x1536":false,"2048x2048":false,"trp-custom-language-flag":false},"uagb_author_info":{"display_name":"munteanpaul7@gmail.com","author_link":"https:\/\/muntechpanels.com\/fr\/author\/munteanpaul7gmail-com\/"},"uagb_comment_info":0,"uagb_excerpt":"our services 01. Retail &amp; Sale Maximize your storefront\u2019s impact with our high-performance display solutions. We offer window-facing, high-brightness panels specifically engineered to remain vivid even in direct sunlight. 02. Entertainment We bring stories to life with LED solutions built for the big stage. Our screens serve the entertainment world in diverse ways 03. Corporate&hellip;","_links":{"self":[{"href":"https:\/\/muntechpanels.com\/fr\/wp-json\/wp\/v2\/pages\/3753","targetHints":{"allow":["GET"]}}],"collection":[{"href":"https:\/\/muntechpanels.com\/fr\/wp-json\/wp\/v2\/pages"}],"about":[{"href":"https:\/\/muntechpanels.com\/fr\/wp-json\/wp\/v2\/types\/page"}],"author":[{"embeddable":true,"href":"https:\/\/muntechpanels.com\/fr\/wp-json\/wp\/v2\/users\/1"}],"replies":[{"embeddable":true,"href":"https:\/\/muntechpanels.com\/fr\/wp-json\/wp\/v2\/comments?post=3753"}],"version-history":[{"count":3,"href":"https:\/\/muntechpanels.com\/fr\/wp-json\/wp\/v2\/pages\/3753\/revisions"}],"predecessor-version":[{"id":4009,"href":"https:\/\/muntechpanels.com\/fr\/wp-json\/wp\/v2\/pages\/3753\/revisions\/4009"}],"wp:attachment":[{"href":"https:\/\/muntechpanels.com\/fr\/wp-json\/wp\/v2\/media?parent=3753"}],"curies":[{"name":"wp","href":"https:\/\/api.w.org\/{rel}","templated":true}]}}