{"id":3761,"date":"2026-01-03T18:11:35","date_gmt":"2026-01-03T18:11:35","guid":{"rendered":"https:\/\/muntechpanels.com\/?page_id=3761"},"modified":"2026-01-18T13:21:54","modified_gmt":"2026-01-18T13:21:54","slug":"niche-usage","status":"publish","type":"page","link":"https:\/\/muntechpanels.com\/fr\/niche-usage\/","title":{"rendered":"Utilisation Sp\u00e9cialis\u00e9e"},"content":{"rendered":"<div class=\"wp-block-uagb-container uagb-block-ef097e7f alignfull uagb-is-root-container\">\n<div class=\"wp-block-uagb-advanced-heading uagb-block-7b437ad1\"><div class=\"uagb-separator\"><\/div><h1 class=\"uagb-heading-text\">usages sp\u00e9cialis\u00e9s<\/h1><\/div>\n<\/div>\n\n\n\n<div class=\"wp-block-uagb-container uagb-block-e3fabd01 alignfull uagb-is-root-container\"><div class=\"uagb-container-inner-blocks-wrap\">\n<div class=\"wp-block-uagb-info-box uagb-block-59abbbf1 uagb-infobox__content-wrap  uagb-infobox-icon-above-title uagb-infobox-image-valign-top\"><div class=\"uagb-ifb-content\"><div class=\"uagb-ifb-title-wrap\"><\/div><p class=\"uagb-ifb-desc\">Chez Muntech Panels, nous ne nous contentons pas de fournir des \u00e9crans\u00a0; nous cr\u00e9ons des solutions innovantes. Si beaucoup associent la technologie LED aux simples panneaux d\u2019affichage, nous nous sp\u00e9cialisons dans les solutions non conventionnelles. Si votre projet sort de l\u2019ordinaire, vous \u00eates au bon endroit.<\/p><\/div><\/div>\n<\/div><\/div>\n\n\n\n<div class=\"wp-block-uagb-container uagb-block-d8d32556 alignfull uagb-is-root-container\"><div class=\"uagb-container-inner-blocks-wrap\">\n<div class=\"wp-block-uagb-image uagb-block-bb46cc83 wp-block-uagb-image--layout-default wp-block-uagb-image--effect-static wp-block-uagb-image--align-none\"><figure class=\"wp-block-uagb-image__figure\"><img decoding=\"async\" srcset=\"https:\/\/muntechpanels.com\/wp-content\/uploads\/2026\/01\/led-on-truck.jpg ,https:\/\/muntechpanels.com\/wp-content\/uploads\/2026\/01\/led-on-truck.jpg 780w, https:\/\/muntechpanels.com\/wp-content\/uploads\/2026\/01\/led-on-truck.jpg 360w\" sizes=\"auto, (max-width: 480px) 150px\" src=\"https:\/\/muntechpanels.com\/wp-content\/uploads\/2026\/01\/led-on-truck.jpg\" alt=\"\" class=\"uag-image-3877\" width=\"1198\" height=\"486\" title=\"led on truck\" loading=\"lazy\" role=\"img\"\/><\/figure><\/div>\n<\/div><\/div>\n\n\n\n<div class=\"wp-block-uagb-container uagb-block-75167d95 alignfull uagb-is-root-container\"><div class=\"uagb-container-inner-blocks-wrap\">\n<div class=\"wp-block-uagb-info-box uagb-block-9f884e17 uagb-infobox__content-wrap  uagb-infobox-icon-above-title uagb-infobox-image-valign-top\"><div class=\"uagb-ifb-content\"><div class=\"uagb-ifb-title-wrap\"><\/div><p class=\"uagb-ifb-desc\"><strong>L\u00e0 o\u00f9 l'innovation rencontre l'ex\u00e9cution<\/strong><br>Nous avons fait nos preuves en mati\u00e8re d'accompagnement de nos clients dans le d\u00e9ploiement de la technologie LED dans des environnements non traditionnels et \u00e0 forts enjeux\u00a0:<br><strong>Publicit\u00e9 mobile et pr\u00e9sentoirs itin\u00e9rants\u00a0:<\/strong> Nous concevons et installons des panneaux LED haute r\u00e9sistance pour camions. Ces \u00ab panneaux publicitaires mobiles \u00bb sont con\u00e7us pour r\u00e9sister aux vibrations de la route et aux intemp\u00e9ries, ce qui les rend id\u00e9aux pour les festivals, les d\u00e9fil\u00e9s et les campagnes politiques.<br><strong>Int\u00e9gration dans le domaine de la sant\u00e9 :<\/strong> La pr\u00e9cision est primordiale dans le secteur de la sant\u00e9. Nous fournissons des moniteurs haute r\u00e9solution et des \u00e9crans sp\u00e9cialis\u00e9s aux \u00e9tablissements m\u00e9dicaux o\u00f9 la clart\u00e9 et la fiabilit\u00e9 sont essentielles.<br><strong>Caract\u00e9ristiques architecturales immersives\u00a0:<\/strong> Des sols LED tactiles aux \u00e9crans incurv\u00e9s sur mesure int\u00e9gr\u00e9s aux fa\u00e7ades des b\u00e2timents, nous transformons les structures statiques en exp\u00e9riences num\u00e9riques.<br><strong>Centres de commandement et de contr\u00f4le\u00a0:<\/strong> Configurations personnalis\u00e9es pour les environnements de surveillance 24h\/24 et 7j\/7 n\u00e9cessitant une faible \u00e9mission de chaleur et une grande long\u00e9vit\u00e9.<\/p><\/div><\/div>\n<\/div><\/div>\n\n\n\n<div class=\"wp-block-uagb-container uagb-block-3d85ba4e alignfull uagb-is-root-container\"><div class=\"uagb-container-inner-blocks-wrap\">\n<div class=\"wp-block-uagb-info-box uagb-block-efdf038f uagb-infobox__content-wrap  uagb-infobox-icon-above-title uagb-infobox-image-valign-top\"><div class=\"uagb-ifb-content\"><div class=\"uagb-ifb-title-wrap\"><\/div><p class=\"uagb-ifb-desc\"><strong>Votre vision, notre ing\u00e9nierie<\/strong><br>Les possibilit\u00e9s offertes par la technologie LED sont quasi illimit\u00e9es. Que vous recherchiez une transparence ultra-fine, une r\u00e9sistance extr\u00eame aux intemp\u00e9ries ou des formats d'image uniques, notre \u00e9quipe poss\u00e8de l'expertise technique n\u00e9cessaire pour concr\u00e9tiser votre vision.<br><strong>\"Si vous pouvez le r\u00eaver, nous pouvons le construire.\"<\/strong> <strong>Is Your Idea Feasible?<\/strong><\/p><\/div><\/div>\n<\/div><\/div>\n\n\n\n<div class=\"wp-block-group is-layout-constrained wp-block-group-is-layout-constrained\">\n<div class=\"wp-block-uagb-buttons uagb-buttons__outer-wrap uagb-btn__default-btn uagb-btn-tablet__default-btn uagb-btn-mobile__default-btn uagb-block-ec981e95\"><div class=\"uagb-buttons__wrap uagb-buttons-layout-wrap\">\n<div class=\"wp-block-uagb-buttons-child uagb-buttons__outer-wrap uagb-block-99398e01 wp-block-button\"><div class=\"uagb-button__wrapper\"><a class=\"uagb-buttons-repeater wp-block-button__link\" aria-label=\"\" href=\"\/fr\/contact-us\/\" rel=\"follow noopener\" target=\"_self\" role=\"button\"><div class=\"uagb-button__link\">Contactez-nous<\/div><span class=\"uagb-button__icon uagb-button__icon-position-after\"><svg xmlns=\"https:\/\/www.w3.org\/2000\/svg\" viewbox=\"0 0 448 512\" aria-hidden=\"true\" focussable=\"false\"><path d=\"M438.6 278.6l-160 160C272.4 444.9 264.2 448 256 448s-16.38-3.125-22.62-9.375c-12.5-12.5-12.5-32.75 0-45.25L338.8 288H32C14.33 288 .0016 273.7 .0016 256S14.33 224 32 224h306.8l-105.4-105.4c-12.5-12.5-12.5-32.75 0-45.25s32.75-12.5 45.25 0l160 160C451.1 245.9 451.1 266.1 438.6 278.6z\"><\/path><\/svg><\/span><\/a><\/div><\/div>\n<\/div><\/div>\n<\/div>\n\n\n\n<p><\/p>","protected":false},"excerpt":{"rendered":"<p>usages sp\u00e9cialis\u00e9s<\/p>","protected":false},"author":1,"featured_media":0,"parent":0,"menu_order":0,"comment_status":"closed","ping_status":"closed","template":"","meta":{"_uag_custom_page_level_css":"","site-sidebar-layout":"no-sidebar","site-content-layout":"","ast-site-content-layout":"full-width-container","site-content-style":"default","site-sidebar-style":"default","ast-global-header-display":"","ast-banner-title-visibility":"","ast-main-header-display":"","ast-hfb-above-header-display":"","ast-hfb-below-header-display":"","ast-hfb-mobile-header-display":"","site-post-title":"disabled","ast-breadcrumbs-content":"","ast-featured-img":"","footer-sml-layout":"","ast-disable-related-posts":"","theme-transparent-header-meta":"enabled","adv-header-id-meta":"","stick-header-meta":"","header-above-stick-meta":"","header-main-stick-meta":"","header-below-stick-meta":"","astra-migrate-meta-layouts":"set","ast-page-background-enabled":"default","ast-page-background-meta":{"desktop":{"background-color":"","background-image":"","background-repeat":"repeat","background-position":"center center","background-size":"auto","background-attachment":"scroll","background-type":"","background-media":"","overlay-type":"","overlay-color":"","overlay-opacity":"","overlay-gradient":""},"tablet":{"background-color":"","background-image":"","background-repeat":"repeat","background-position":"center center","background-size":"auto","background-attachment":"scroll","background-type":"","background-media":"","overlay-type":"","overlay-color":"","overlay-opacity":"","overlay-gradient":""},"mobile":{"background-color":"","background-image":"","background-repeat":"repeat","background-position":"center center","background-size":"auto","background-attachment":"scroll","background-type":"","background-media":"","overlay-type":"","overlay-color":"","overlay-opacity":"","overlay-gradient":""}},"ast-content-background-meta":{"desktop":{"background-color":"var(--ast-global-color-5)","background-image":"","background-repeat":"repeat","background-position":"center center","background-size":"auto","background-attachment":"scroll","background-type":"","background-media":"","overlay-type":"","overlay-color":"","overlay-opacity":"","overlay-gradient":""},"tablet":{"background-color":"var(--ast-global-color-5)","background-image":"","background-repeat":"repeat","background-position":"center center","background-size":"auto","background-attachment":"scroll","background-type":"","background-media":"","overlay-type":"","overlay-color":"","overlay-opacity":"","overlay-gradient":""},"mobile":{"background-color":"var(--ast-global-color-5)","background-image":"","background-repeat":"repeat","background-position":"center center","background-size":"auto","background-attachment":"scroll","background-type":"","background-media":"","overlay-type":"","overlay-color":"","overlay-opacity":"","overlay-gradient":""}},"footnotes":""},"class_list":["post-3761","page","type-page","status-publish","hentry"],"aioseo_notices":[],"_hostinger_reach_plugin_has_subscription_block":false,"_hostinger_reach_plugin_is_elementor":false,"uagb_featured_image_src":{"full":false,"thumbnail":false,"medium":false,"medium_large":false,"large":false,"1536x1536":false,"2048x2048":false,"trp-custom-language-flag":false},"uagb_author_info":{"display_name":"munteanpaul7@gmail.com","author_link":"https:\/\/muntechpanels.com\/fr\/author\/munteanpaul7gmail-com\/"},"uagb_comment_info":0,"uagb_excerpt":"specialized uses","_links":{"self":[{"href":"https:\/\/muntechpanels.com\/fr\/wp-json\/wp\/v2\/pages\/3761","targetHints":{"allow":["GET"]}}],"collection":[{"href":"https:\/\/muntechpanels.com\/fr\/wp-json\/wp\/v2\/pages"}],"about":[{"href":"https:\/\/muntechpanels.com\/fr\/wp-json\/wp\/v2\/types\/page"}],"author":[{"embeddable":true,"href":"https:\/\/muntechpanels.com\/fr\/wp-json\/wp\/v2\/users\/1"}],"replies":[{"embeddable":true,"href":"https:\/\/muntechpanels.com\/fr\/wp-json\/wp\/v2\/comments?post=3761"}],"version-history":[{"count":2,"href":"https:\/\/muntechpanels.com\/fr\/wp-json\/wp\/v2\/pages\/3761\/revisions"}],"predecessor-version":[{"id":4010,"href":"https:\/\/muntechpanels.com\/fr\/wp-json\/wp\/v2\/pages\/3761\/revisions\/4010"}],"wp:attachment":[{"href":"https:\/\/muntechpanels.com\/fr\/wp-json\/wp\/v2\/media?parent=3761"}],"curies":[{"name":"wp","href":"https:\/\/api.w.org\/{rel}","templated":true}]}}